{"id":120,"date":"2019-06-25T06:52:14","date_gmt":"2019-06-25T06:52:14","guid":{"rendered":"http:\/\/31.217.196.214\/~ilwnzmto\/?page_id=120"},"modified":"2019-06-25T06:52:15","modified_gmt":"2019-06-25T06:52:15","slug":"evasteet","status":"publish","type":"page","link":"https:\/\/www.tidyline.fi\/index.php\/evasteet\/","title":{"rendered":"Ev\u00e4steet"},"content":{"rendered":"\n<h2 class=\"wp-block-heading\">Ev\u00e4steet<\/h2>\n\n\n\n<p>Jotta t\u00e4m\u00e4 sivusto toimisi mahdollisimman hyvin, se tallentaa aika \najoin laitteellesi pieni\u00e4 datatiedostoja, joita kutsutaan ev\u00e4steiksi \n(cookies). T\u00e4m\u00e4 on yleinen k\u00e4yt\u00e4nt\u00f6 useimmissa isoissa \nverkkosivustoissa.<\/p>\n\n\n\n<h3 class=\"wp-block-heading\">Mit\u00e4 ovat ev\u00e4steet?<\/h3>\n\n\n\n<p>Ev\u00e4steet ovat pieni\u00e4 tekstitiedostoja, joita verkkosivusto tallentaa \ntietokoneellesi tai mobiililaitteellesi, kun k\u00e4yt sivustolla. Ev\u00e4steet \ntallentavat tietoa laitteesi k\u00e4yt\u00f6st\u00e4 ja k\u00e4ytt\u00f6tavoista, muun muassa \nk\u00e4ytt\u00e4j\u00e4tunnuksesi, valitsemasi kielen, fonttikoon ja erilaiset \nn\u00e4ytt\u00f6asetukset. N\u00e4in tallentuneet tiedot tarvitsee antaa vain kerran \neik\u00e4 aina erikseen sivustolla k\u00e4ydess\u00e4si tai sivuja selaillessasi.<\/p>\n\n\n\n<h3 class=\"wp-block-heading\">Miten ev\u00e4steit\u00e4 k\u00e4ytet\u00e4\u00e4n?<\/h3>\n\n\n\n<p>Monilla verkkosivustoillamme k\u00e4ytet\u00e4\u00e4n ev\u00e4steit\u00e4, joihin tallennetaan seuraavat tiedot:<\/p>\n\n\n\n<ul><li>n\u00e4ytt\u00f6asetuksesi, kuten kontrasti- ja v\u00e4riasetukset ja fonttikoko<\/li><li>oletko jo vastannut palauteruutuun, jossa tiedustellaan, oliko \nsivusta hy\u00f6ty\u00e4 vai ei (tieto vastaamisesta tallennetaan ev\u00e4steeseen, \njotta ruutu ei tulisi en\u00e4\u00e4 uudestaan n\u00e4kyviin).<\/li><li>oletko hyv\u00e4ksynyt ev\u00e4steiden k\u00e4yt\u00f6n sivustolla.<\/li><\/ul>\n\n\n\n<table class=\"wp-block-table\"><tbody><tr><td>Nimi<\/td><td>Selite<\/td><td>Er\u00e4\u00e4ntyy<\/td><\/tr><tr><td>PHPSESSID<\/td><td>Seuraa PHP session kestoa<\/td><td>Session<\/td><\/tr><tr><td>__distillery<\/td><td>Seuraa k\u00e4ytt\u00e4j\u00e4n liikehdint\u00e4\u00e4 sivuilla ja muistaa miss\u00e4 olet jo k\u00e4ynyt<\/td><td>1 vuosi<\/td><\/tr><tr><td>__zlcmid<\/td><td>Livechatin vaatima ev\u00e4ste<\/td><td>1 vuosi<\/td><\/tr><tr><td>cookie_notice_accepted<\/td><td>Ev\u00e4steiden hyv\u00e4ksynt\u00e4\u00e4 seuraava ev\u00e4ste<\/td><td>1 kuukausi<\/td><\/tr><tr><td>NID<\/td><td>Googlen ev\u00e4ste<\/td><td>1 kuukausi<\/td><\/tr><tr><td>wordpress_<\/td><td>WordPress k\u00e4ytt\u00e4j\u00e4ev\u00e4ste<\/td><td>Session<\/td><\/tr><tr><td>wordpress_logged_in_e<\/td><td>WordPress ev\u00e4ste joka tarkastelee k\u00e4ytt\u00e4j\u00e4n kirjautumisstatusta<\/td><td>Session<\/td><\/tr><tr><td>wordpress_test_cookie<\/td><td>WordPress ev\u00e4ste, joka testaa oletko est\u00e4nyt\/sallinut ev\u00e4steiden k\u00e4yt\u00f6n kirjautumisen yhteydess\u00e4.<\/td><td>Session<\/td><\/tr><tr><td>wp-settings-1<\/td><td>WordPress asetusten ev\u00e4ste sivuston hallintaan<\/td><td>1 vuosi<\/td><\/tr><tr><td>wp-settings-time-1<\/td><td>WordPress asetusten ev\u00e4ste sivuston hallintaan<\/td><td>1 vuosi<\/td><\/tr><\/tbody><\/table>\n\n\n\n<p>My\u00f6s joissakin verkkosivustoillamme olevissa videoissa k\u00e4ytet\u00e4\u00e4n \nev\u00e4steit\u00e4, joilla ker\u00e4t\u00e4\u00e4n anonyymisti tietoa sivulle p\u00e4\u00e4semiseksi \nvalitusta polusta ja katsotuista videoista.<\/p>\n\n\n\n<p>N\u00e4iden ev\u00e4steiden hyv\u00e4ksyminen ei ole sivuston toiminnan kannalta \nehdottoman v\u00e4ltt\u00e4m\u00e4t\u00f6nt\u00e4, mutta ne helpottavat sivujen selaamista. Voit \npoistaa tai torjua ev\u00e4steet, mutta t\u00e4ll\u00f6in jotkin sivuston toiminnot \neiv\u00e4t mahdollisesti toimi tarkoitetulla tavalla.<\/p>\n\n\n\n<p>Ev\u00e4steit\u00e4 ei k\u00e4ytet\u00e4 henkil\u00f6llisyyden tunnistamiseen, ja sivuston \nk\u00e4ytt\u00f6\u00e4 kuvaavat tiedot ovat t\u00e4ysin sivuston verkkovastaavan \nhallinnassa. Ev\u00e4steit\u00e4 k\u00e4ytet\u00e4\u00e4n ainoastaan edell\u00e4 kuvattuihin \ntarkoituksiin.<\/p>\n\n\n\n<h3 class=\"wp-block-heading\">Kuinka voit hallita ev\u00e4steit\u00e4?<\/h3>\n\n\n\n<p>Voit hallita ja\/tai poistaa ev\u00e4steit\u00e4 vapaasti. Ohjeita l\u00f6ytyy osoitteesta <a href=\"http:\/\/www.aboutcookies.org\/\">aboutcookies.org<\/a>.\n Voit poistaa kaikki tietokoneellasi olevat ev\u00e4steet, ja useimmat \nselaimet voi asettaa torjumaan ne kokonaan. Muista kuitenkin, ett\u00e4 jos \ntorjut ev\u00e4steet, joudut m\u00e4\u00e4ritt\u00e4m\u00e4\u00e4n tietyt asetukset aina uudestaan \nsivustolle palatessasi. Saattaa my\u00f6s olla, ett\u00e4 et voi k\u00e4ytt\u00e4\u00e4 joitakin \nsivustolla olevia palveluja ja toimintoja.<\/p>\n","protected":false},"excerpt":{"rendered":"<p>Ev\u00e4steet Jotta t\u00e4m\u00e4 sivusto toimisi mahdollisimman hyvin, se tallentaa aika ajoin laitteellesi pieni\u00e4 datatiedostoja, joita kutsutaan ev\u00e4steiksi (cookies). T\u00e4m\u00e4 on yleinen k\u00e4yt\u00e4nt\u00f6 useimmissa isoissa verkkosivustoissa. Mit\u00e4 ovat ev\u00e4steet? Ev\u00e4steet ovat pieni\u00e4 tekstitiedostoja, joita verkkosivusto tallentaa tietokoneellesi tai mobiililaitteellesi, kun k\u00e4yt sivustolla. Ev\u00e4steet tallentavat tietoa laitteesi k\u00e4yt\u00f6st\u00e4 ja k\u00e4ytt\u00f6tavoista, muun muassa k\u00e4ytt\u00e4j\u00e4tunnuksesi, valitsemasi kielen, fonttikoon ja [&#8230;]\n","protected":false},"author":1,"featured_media":0,"parent":0,"menu_order":0,"comment_status":"closed","ping_status":"closed","template":"","meta":{"_monsterinsights_skip_tracking":false,"_monsterinsights_sitenote_active":false,"_monsterinsights_sitenote_note":"","_monsterinsights_sitenote_category":0,"footnotes":""},"yoast_head":"<!-- This site is optimized with the Yoast SEO plugin v23.5 - https:\/\/yoast.com\/wordpress\/plugins\/seo\/ -->\n<title>Ev\u00e4steet - Tidyline Oy<\/title>\n<meta name=\"robots\" content=\"index, follow, max-snippet:-1, max-image-preview:large, max-video-preview:-1\" \/>\n<link rel=\"canonical\" href=\"https:\/\/www.tidyline.fi\/index.php\/evasteet\/\" \/>\n<meta property=\"og:locale\" content=\"fi_FI\" \/>\n<meta property=\"og:type\" content=\"article\" \/>\n<meta property=\"og:title\" content=\"Ev\u00e4steet - Tidyline Oy\" \/>\n<meta property=\"og:description\" content=\"Ev\u00e4steet Jotta t\u00e4m\u00e4 sivusto toimisi mahdollisimman hyvin, se tallentaa aika ajoin laitteellesi pieni\u00e4 datatiedostoja, joita kutsutaan ev\u00e4steiksi (cookies). T\u00e4m\u00e4 on yleinen k\u00e4yt\u00e4nt\u00f6 useimmissa isoissa verkkosivustoissa. Mit\u00e4 ovat ev\u00e4steet? Ev\u00e4steet ovat pieni\u00e4 tekstitiedostoja, joita verkkosivusto tallentaa tietokoneellesi tai mobiililaitteellesi, kun k\u00e4yt sivustolla. Ev\u00e4steet tallentavat tietoa laitteesi k\u00e4yt\u00f6st\u00e4 ja k\u00e4ytt\u00f6tavoista, muun muassa k\u00e4ytt\u00e4j\u00e4tunnuksesi, valitsemasi kielen, fonttikoon ja [...]\" \/>\n<meta property=\"og:url\" content=\"https:\/\/www.tidyline.fi\/index.php\/evasteet\/\" \/>\n<meta property=\"og:site_name\" content=\"Tidyline Oy\" \/>\n<meta property=\"article:modified_time\" content=\"2019-06-25T06:52:15+00:00\" \/>\n<meta name=\"twitter:card\" content=\"summary_large_image\" \/>\n<meta name=\"twitter:label1\" content=\"Arvioitu lukuaika\" \/>\n\t<meta name=\"twitter:data1\" content=\"2 minuuttia\" \/>\n<script type=\"application\/ld+json\" class=\"yoast-schema-graph\">{\"@context\":\"https:\/\/schema.org\",\"@graph\":[{\"@type\":\"WebPage\",\"@id\":\"https:\/\/www.tidyline.fi\/index.php\/evasteet\/\",\"url\":\"https:\/\/www.tidyline.fi\/index.php\/evasteet\/\",\"name\":\"Ev\u00e4steet - Tidyline Oy\",\"isPartOf\":{\"@id\":\"https:\/\/www.tidyline.fi\/#website\"},\"datePublished\":\"2019-06-25T06:52:14+00:00\",\"dateModified\":\"2019-06-25T06:52:15+00:00\",\"breadcrumb\":{\"@id\":\"https:\/\/www.tidyline.fi\/index.php\/evasteet\/#breadcrumb\"},\"inLanguage\":\"fi\",\"potentialAction\":[{\"@type\":\"ReadAction\",\"target\":[\"https:\/\/www.tidyline.fi\/index.php\/evasteet\/\"]}]},{\"@type\":\"BreadcrumbList\",\"@id\":\"https:\/\/www.tidyline.fi\/index.php\/evasteet\/#breadcrumb\",\"itemListElement\":[{\"@type\":\"ListItem\",\"position\":1,\"name\":\"Home\",\"item\":\"https:\/\/www.tidyline.fi\/\"},{\"@type\":\"ListItem\",\"position\":2,\"name\":\"Ev\u00e4steet\"}]},{\"@type\":\"WebSite\",\"@id\":\"https:\/\/www.tidyline.fi\/#website\",\"url\":\"https:\/\/www.tidyline.fi\/\",\"name\":\"Tidyline Oy\",\"description\":\"Tietokoneavusteista piirtopalvelua\",\"publisher\":{\"@id\":\"https:\/\/www.tidyline.fi\/#organization\"},\"potentialAction\":[{\"@type\":\"SearchAction\",\"target\":{\"@type\":\"EntryPoint\",\"urlTemplate\":\"https:\/\/www.tidyline.fi\/?s={search_term_string}\"},\"query-input\":{\"@type\":\"PropertyValueSpecification\",\"valueRequired\":true,\"valueName\":\"search_term_string\"}}],\"inLanguage\":\"fi\"},{\"@type\":\"Organization\",\"@id\":\"https:\/\/www.tidyline.fi\/#organization\",\"name\":\"Tidyline Oy\",\"url\":\"https:\/\/www.tidyline.fi\/\",\"logo\":{\"@type\":\"ImageObject\",\"inLanguage\":\"fi\",\"@id\":\"https:\/\/www.tidyline.fi\/#\/schema\/logo\/image\/\",\"url\":\"https:\/\/www.tidyline.fi\/wp-content\/uploads\/2019\/06\/Tidyline_logo-1.jpg\",\"contentUrl\":\"https:\/\/www.tidyline.fi\/wp-content\/uploads\/2019\/06\/Tidyline_logo-1.jpg\",\"width\":368,\"height\":218,\"caption\":\"Tidyline Oy\"},\"image\":{\"@id\":\"https:\/\/www.tidyline.fi\/#\/schema\/logo\/image\/\"}}]}<\/script>\n<!-- \/ Yoast SEO plugin. -->","yoast_head_json":{"title":"Ev\u00e4steet - Tidyline Oy","robots":{"index":"index","follow":"follow","max-snippet":"max-snippet:-1","max-image-preview":"max-image-preview:large","max-video-preview":"max-video-preview:-1"},"canonical":"https:\/\/www.tidyline.fi\/index.php\/evasteet\/","og_locale":"fi_FI","og_type":"article","og_title":"Ev\u00e4steet - Tidyline Oy","og_description":"Ev\u00e4steet Jotta t\u00e4m\u00e4 sivusto toimisi mahdollisimman hyvin, se tallentaa aika ajoin laitteellesi pieni\u00e4 datatiedostoja, joita kutsutaan ev\u00e4steiksi (cookies). T\u00e4m\u00e4 on yleinen k\u00e4yt\u00e4nt\u00f6 useimmissa isoissa verkkosivustoissa. Mit\u00e4 ovat ev\u00e4steet? Ev\u00e4steet ovat pieni\u00e4 tekstitiedostoja, joita verkkosivusto tallentaa tietokoneellesi tai mobiililaitteellesi, kun k\u00e4yt sivustolla. Ev\u00e4steet tallentavat tietoa laitteesi k\u00e4yt\u00f6st\u00e4 ja k\u00e4ytt\u00f6tavoista, muun muassa k\u00e4ytt\u00e4j\u00e4tunnuksesi, valitsemasi kielen, fonttikoon ja [...]","og_url":"https:\/\/www.tidyline.fi\/index.php\/evasteet\/","og_site_name":"Tidyline Oy","article_modified_time":"2019-06-25T06:52:15+00:00","twitter_card":"summary_large_image","twitter_misc":{"Arvioitu lukuaika":"2 minuuttia"},"schema":{"@context":"https:\/\/schema.org","@graph":[{"@type":"WebPage","@id":"https:\/\/www.tidyline.fi\/index.php\/evasteet\/","url":"https:\/\/www.tidyline.fi\/index.php\/evasteet\/","name":"Ev\u00e4steet - Tidyline Oy","isPartOf":{"@id":"https:\/\/www.tidyline.fi\/#website"},"datePublished":"2019-06-25T06:52:14+00:00","dateModified":"2019-06-25T06:52:15+00:00","breadcrumb":{"@id":"https:\/\/www.tidyline.fi\/index.php\/evasteet\/#breadcrumb"},"inLanguage":"fi","potentialAction":[{"@type":"ReadAction","target":["https:\/\/www.tidyline.fi\/index.php\/evasteet\/"]}]},{"@type":"BreadcrumbList","@id":"https:\/\/www.tidyline.fi\/index.php\/evasteet\/#breadcrumb","itemListElement":[{"@type":"ListItem","position":1,"name":"Home","item":"https:\/\/www.tidyline.fi\/"},{"@type":"ListItem","position":2,"name":"Ev\u00e4steet"}]},{"@type":"WebSite","@id":"https:\/\/www.tidyline.fi\/#website","url":"https:\/\/www.tidyline.fi\/","name":"Tidyline Oy","description":"Tietokoneavusteista piirtopalvelua","publisher":{"@id":"https:\/\/www.tidyline.fi\/#organization"},"potentialAction":[{"@type":"SearchAction","target":{"@type":"EntryPoint","urlTemplate":"https:\/\/www.tidyline.fi\/?s={search_term_string}"},"query-input":{"@type":"PropertyValueSpecification","valueRequired":true,"valueName":"search_term_string"}}],"inLanguage":"fi"},{"@type":"Organization","@id":"https:\/\/www.tidyline.fi\/#organization","name":"Tidyline Oy","url":"https:\/\/www.tidyline.fi\/","logo":{"@type":"ImageObject","inLanguage":"fi","@id":"https:\/\/www.tidyline.fi\/#\/schema\/logo\/image\/","url":"https:\/\/www.tidyline.fi\/wp-content\/uploads\/2019\/06\/Tidyline_logo-1.jpg","contentUrl":"https:\/\/www.tidyline.fi\/wp-content\/uploads\/2019\/06\/Tidyline_logo-1.jpg","width":368,"height":218,"caption":"Tidyline Oy"},"image":{"@id":"https:\/\/www.tidyline.fi\/#\/schema\/logo\/image\/"}}]}},"_links":{"self":[{"href":"https:\/\/www.tidyline.fi\/index.php\/wp-json\/wp\/v2\/pages\/120"}],"collection":[{"href":"https:\/\/www.tidyline.fi\/index.php\/wp-json\/wp\/v2\/pages"}],"about":[{"href":"https:\/\/www.tidyline.fi\/index.php\/wp-json\/wp\/v2\/types\/page"}],"author":[{"embeddable":true,"href":"https:\/\/www.tidyline.fi\/index.php\/wp-json\/wp\/v2\/users\/1"}],"replies":[{"embeddable":true,"href":"https:\/\/www.tidyline.fi\/index.php\/wp-json\/wp\/v2\/comments?post=120"}],"version-history":[{"count":1,"href":"https:\/\/www.tidyline.fi\/index.php\/wp-json\/wp\/v2\/pages\/120\/revisions"}],"predecessor-version":[{"id":121,"href":"https:\/\/www.tidyline.fi\/index.php\/wp-json\/wp\/v2\/pages\/120\/revisions\/121"}],"wp:attachment":[{"href":"https:\/\/www.tidyline.fi\/index.php\/wp-json\/wp\/v2\/media?parent=120"}],"curies":[{"name":"wp","href":"https:\/\/api.w.org\/{rel}","templated":true}]}}